{"id":14313,"date":"2025-07-01T21:00:18","date_gmt":"2025-07-01T21:00:18","guid":{"rendered":"https:\/\/market-glocal.com\/?page_id=14313"},"modified":"2026-01-26T14:40:46","modified_gmt":"2026-01-26T14:40:46","slug":"ki-kurs","status":"publish","type":"page","link":"https:\/\/market-glocal.com\/en\/leistungen\/ki-kurs\/","title":{"rendered":"KI &#8211; Kurs"},"content":{"rendered":"\t\t<div data-elementor-type=\"wp-page\" data-elementor-id=\"14313\" class=\"elementor elementor-14313\" data-elementor-post-type=\"page\">\n\t\t\t\t\t\t<section class=\"elementor-section elementor-top-section elementor-element elementor-element-2243f86f elementor-section-content-middle elementor-section-boxed elementor-section-height-default elementor-section-height-default\" data-id=\"2243f86f\" data-element_type=\"section\" data-e-type=\"section\" data-settings=\"{&quot;background_background&quot;:&quot;classic&quot;}\">\n\t\t\t\t\t\t\t<div class=\"elementor-background-overlay\"><\/div>\n\t\t\t\t\t\t\t<div class=\"elementor-container elementor-column-gap-no\">\n\t\t\t\t\t<div class=\"elementor-column elementor-col-100 elementor-top-column elementor-element elementor-element-3550d595\" data-id=\"3550d595\" data-element_type=\"column\" data-e-type=\"column\">\n\t\t\t<div class=\"elementor-widget-wrap elementor-element-populated\">\n\t\t\t\t\t\t<div class=\"elementor-element elementor-element-8fde30d elementor-widget elementor-widget-heading\" data-id=\"8fde30d\" data-element_type=\"widget\" data-e-type=\"widget\" data-widget_type=\"heading.default\">\n\t\t\t\t<div class=\"elementor-widget-container\">\n\t\t\t\t\t<h1 class=\"elementor-heading-title elementor-size-default\">KI - Kurs<\/h1>\t\t\t\t<\/div>\n\t\t\t\t<\/div>\n\t\t\t\t\t<\/div>\n\t\t<\/div>\n\t\t\t\t\t<\/div>\n\t\t<\/section>\n\t\t\t\t<section class=\"elementor-section elementor-top-section elementor-element elementor-element-01175e9 elementor-section-content-middle elementor-section-boxed elementor-section-height-default elementor-section-height-default\" data-id=\"01175e9\" data-element_type=\"section\" data-e-type=\"section\">\n\t\t\t\t\t\t\t<div class=\"elementor-background-overlay\"><\/div>\n\t\t\t\t\t\t\t<div class=\"elementor-container elementor-column-gap-no\">\n\t\t\t\t\t<div class=\"elementor-column elementor-col-50 elementor-top-column elementor-element elementor-element-d4dcf82\" data-id=\"d4dcf82\" data-element_type=\"column\" data-e-type=\"column\">\n\t\t\t<div class=\"elementor-widget-wrap elementor-element-populated\">\n\t\t\t\t\t\t<div class=\"elementor-element elementor-element-18d8c9c elementor-icon-list--layout-inline elementor-align-start elementor-list-item-link-full_width elementor-widget elementor-widget-icon-list\" data-id=\"18d8c9c\" data-element_type=\"widget\" data-e-type=\"widget\" data-widget_type=\"icon-list.default\">\n\t\t\t\t<div class=\"elementor-widget-container\">\n\t\t\t\t\t\t\t<ul class=\"elementor-icon-list-items elementor-inline-items\">\n\t\t\t\t\t\t\t<li class=\"elementor-icon-list-item elementor-inline-item\">\n\t\t\t\t\t\t\t\t\t\t\t<span class=\"elementor-icon-list-icon\">\n\t\t\t\t\t\t\t<svg aria-hidden=\"true\" class=\"e-font-icon-svg e-fas-circle-notch\" viewBox=\"0 0 512 512\" xmlns=\"http:\/\/www.w3.org\/2000\/svg\"><path d=\"M288 39.056v16.659c0 10.804 7.281 20.159 17.686 23.066C383.204 100.434 440 171.518 440 256c0 101.689-82.295 184-184 184-101.689 0-184-82.295-184-184 0-84.47 56.786-155.564 134.312-177.219C216.719 75.874 224 66.517 224 55.712V39.064c0-15.709-14.834-27.153-30.046-23.234C86.603 43.482 7.394 141.206 8.003 257.332c.72 137.052 111.477 246.956 248.531 246.667C393.255 503.711 504 392.788 504 256c0-115.633-79.14-212.779-186.211-240.236C302.678 11.889 288 23.456 288 39.056z\"><\/path><\/svg>\t\t\t\t\t\t<\/span>\n\t\t\t\t\t\t\t\t\t\t<span class=\"elementor-icon-list-text\">Was wir Ihnen Bieten<\/span>\n\t\t\t\t\t\t\t\t\t<\/li>\n\t\t\t\t\t\t<\/ul>\n\t\t\t\t\t\t<\/div>\n\t\t\t\t<\/div>\n\t\t\t\t<div class=\"elementor-element elementor-element-33c6028 elementor-widget elementor-widget-icon-box\" data-id=\"33c6028\" data-element_type=\"widget\" data-e-type=\"widget\" data-widget_type=\"icon-box.default\">\n\t\t\t\t<div class=\"elementor-widget-container\">\n\t\t\t\t\t\t\t<div class=\"elementor-icon-box-wrapper\">\n\n\t\t\t\n\t\t\t\t\t\t<div class=\"elementor-icon-box-content\">\n\n\t\t\t\t\t\t\t\t\t<div class=\"elementor-icon-box-title\">\n\t\t\t\t\t\t<span  >\n\t\t\t\t\t\t\tKI-Kurs f\u00fcr zukunftsorientiertes Marketing\t\t\t\t\t\t<\/span>\n\t\t\t\t\t<\/div>\n\t\t\t\t\n\t\t\t\t\t\t\t\t\t<p class=\"elementor-icon-box-description\">\n\t\t\t\t\t\t<p><strong>Erleben Sie praxisnahe KI-Kurse<\/strong>, die speziell f\u00fcr Marketing-Teams entwickelt wurden. In unseren Sessions zeigen wir, wie K\u00fcnstliche Intelligenz kreative Prozesse, Kampagnenplanung und Kundenansprache nachhaltig transformiert.<\/p>\n\n<p>Ob <strong>generative KI<\/strong> f\u00fcr die Content-Erstellung, <strong>automatisierte Datenanalyse<\/strong> oder <strong>intelligente Zielgruppensegmentierung<\/strong> \u2013 unsere Workshops sind <strong>strategisch fundiert, anwendungsorientiert und sofort umsetzbar<\/strong>.<\/p>\n\n<ul>\n  <li>Live-Demos mit Tools wie ChatGPT, Midjourney &amp; KI-Dashboards<\/li>\n  <li>Branchen\u00fcbergreifende Use Cases f\u00fcr B2B &amp; B2C<\/li>\n  <li>Individuelle Anpassung an Ihr Unternehmen<\/li>\n<\/ul>\n\n<p><strong>Optimieren Sie Ihre Marketingeffizienz<\/strong> und entdecken Sie, wie KI Ihnen einen echten Wettbewerbsvorteil im Omnichannel-Marketing verschaffen kann.<\/p>\t\t\t\t\t<\/p>\n\t\t\t\t\n\t\t\t<\/div>\n\t\t\t\n\t\t<\/div>\n\t\t\t\t\t\t<\/div>\n\t\t\t\t<\/div>\n\t\t\t\t<div class=\"elementor-element elementor-element-50b6ecf elementor-view-stacked elementor-position-inline-start elementor-shape-circle elementor-mobile-position-block-start elementor-invisible elementor-widget elementor-widget-icon-box\" data-id=\"50b6ecf\" data-element_type=\"widget\" data-e-type=\"widget\" data-settings=\"{&quot;_animation&quot;:&quot;fadeInUp&quot;}\" data-widget_type=\"icon-box.default\">\n\t\t\t\t<div class=\"elementor-widget-container\">\n\t\t\t\t\t\t\t<div class=\"elementor-icon-box-wrapper\">\n\n\t\t\t\t\t\t<div class=\"elementor-icon-box-icon\">\n\t\t\t\t<span  class=\"elementor-icon\">\n\t\t\t\t<svg aria-hidden=\"true\" class=\"e-font-icon-svg e-fas-people-arrows\" viewBox=\"0 0 576 512\" xmlns=\"http:\/\/www.w3.org\/2000\/svg\"><path d=\"M96,128A64,64,0,1,0,32,64,64,64,0,0,0,96,128Zm0,176.08a44.11,44.11,0,0,1,13.64-32L181.77,204c1.65-1.55,3.77-2.31,5.61-3.57A63.91,63.91,0,0,0,128,160H64A64,64,0,0,0,0,224v96a32,32,0,0,0,32,32V480a32,32,0,0,0,32,32h64a32,32,0,0,0,32-32V383.61l-50.36-47.53A44.08,44.08,0,0,1,96,304.08ZM480,128a64,64,0,1,0-64-64A64,64,0,0,0,480,128Zm32,32H448a63.91,63.91,0,0,0-59.38,40.42c1.84,1.27,4,2,5.62,3.59l72.12,68.06a44.37,44.37,0,0,1,0,64L416,383.62V480a32,32,0,0,0,32,32h64a32,32,0,0,0,32-32V352a32,32,0,0,0,32-32V224A64,64,0,0,0,512,160ZM444.4,295.34l-72.12-68.06A12,12,0,0,0,352,236v36H224V236a12,12,0,0,0-20.28-8.73L131.6,295.34a12.4,12.4,0,0,0,0,17.47l72.12,68.07A12,12,0,0,0,224,372.14V336H352v36.14a12,12,0,0,0,20.28,8.74l72.12-68.07A12.4,12.4,0,0,0,444.4,295.34Z\"><\/path><\/svg>\t\t\t\t<\/span>\n\t\t\t<\/div>\n\t\t\t\n\t\t\t\t\t\t<div class=\"elementor-icon-box-content\">\n\n\t\t\t\t\t\t\t\t\t<div class=\"elementor-icon-box-title\">\n\t\t\t\t\t\t<span  >\n\t\t\t\t\t\t\tKI - Kurse f\u00fcr Marketingteams \u2013 Wissen, das wirkt\t\t\t\t\t\t<\/span>\n\t\t\t\t\t<\/div>\n\t\t\t\t\n\t\t\t\t\t\t\t\t\t<p class=\"elementor-icon-box-description\">\n\t\t\t\t\t\t\n    <p>Unsere <strong>KI - Kursevermitteln fundiertes Wissen<\/strong> \u00fcber moderne KI-Technologien und deren Anwendung im Marketingalltag. Ziel ist es, Ihr Team fit zu machen f\u00fcr eine datengetriebene, automatisierte und kreative Marketingzukunft.<\/p>\n    \n    <p>Von der <strong>strategischen Nutzung k\u00fcnstlicher Intelligenz<\/strong> bis hin zur operativen Anwendung in Kampagnen \u2013 wir zeigen, wie Marketingprozesse durch KI effizienter, zielgerichteter und innovativer werden.<\/p>\n    \n    <ul>\n      <li>Modulare Schulungseinheiten \u2013 remote oder vor Ort<\/li>\n      <li>Mit Fokus auf CRM, Content, Automation und Analytics<\/li>\n      <li>F\u00fcr Einsteiger, Fortgeschrittene und F\u00fchrungskr\u00e4fte<\/li>\n    <\/ul>\n    \n    <p><strong>Transformieren Sie Ihr Marketingteam<\/strong> durch gezielte Weiterbildung in den relevantesten KI-Themen der Gegenwart.<\/p>\n\n\t\t\t\t\t<\/p>\n\t\t\t\t\n\t\t\t<\/div>\n\t\t\t\n\t\t<\/div>\n\t\t\t\t\t\t<\/div>\n\t\t\t\t<\/div>\n\t\t\t\t\t<\/div>\n\t\t<\/div>\n\t\t\t\t<div class=\"elementor-column elementor-col-50 elementor-top-column elementor-element elementor-element-b5851ac\" data-id=\"b5851ac\" data-element_type=\"column\" data-e-type=\"column\">\n\t\t\t<div class=\"elementor-widget-wrap elementor-element-populated\">\n\t\t\t\t\t<div class=\"elementor-background-overlay\"><\/div>\n\t\t\t\t\t\t<div class=\"elementor-element elementor-element-0ba5eeb e-transform e-transform elementor-widget elementor-widget-image\" data-id=\"0ba5eeb\" data-element_type=\"widget\" data-e-type=\"widget\" data-settings=\"{&quot;motion_fx_motion_fx_scrolling&quot;:&quot;yes&quot;,&quot;motion_fx_range&quot;:&quot;viewport&quot;,&quot;_transform_rotateZ_effect&quot;:{&quot;unit&quot;:&quot;px&quot;,&quot;size&quot;:-6,&quot;sizes&quot;:[]},&quot;motion_fx_rotateZ_effect&quot;:&quot;yes&quot;,&quot;motion_fx_rotateZ_direction&quot;:&quot;negative&quot;,&quot;motion_fx_rotateZ_speed&quot;:{&quot;unit&quot;:&quot;px&quot;,&quot;size&quot;:0.3,&quot;sizes&quot;:[]},&quot;_transform_scale_effect&quot;:{&quot;unit&quot;:&quot;px&quot;,&quot;size&quot;:1.15,&quot;sizes&quot;:[]},&quot;motion_fx_rotateZ_affectedRange&quot;:{&quot;unit&quot;:&quot;%&quot;,&quot;size&quot;:&quot;&quot;,&quot;sizes&quot;:{&quot;start&quot;:0,&quot;end&quot;:100}},&quot;motion_fx_devices&quot;:[&quot;desktop&quot;,&quot;tablet&quot;,&quot;mobile&quot;],&quot;_transform_rotateZ_effect_tablet&quot;:{&quot;unit&quot;:&quot;deg&quot;,&quot;size&quot;:&quot;&quot;,&quot;sizes&quot;:[]},&quot;_transform_rotateZ_effect_mobile&quot;:{&quot;unit&quot;:&quot;deg&quot;,&quot;size&quot;:&quot;&quot;,&quot;sizes&quot;:[]},&quot;_transform_scale_effect_tablet&quot;:{&quot;unit&quot;:&quot;px&quot;,&quot;size&quot;:&quot;&quot;,&quot;sizes&quot;:[]},&quot;_transform_scale_effect_mobile&quot;:{&quot;unit&quot;:&quot;px&quot;,&quot;size&quot;:&quot;&quot;,&quot;sizes&quot;:[]}}\" data-widget_type=\"image.default\">\n\t\t\t\t<div class=\"elementor-widget-container\">\n\t\t\t\t\t\t\t\t\t\t\t\t\t\t\t<img fetchpriority=\"high\" decoding=\"async\" width=\"2274\" height=\"1502\" src=\"https:\/\/market-glocal.com\/wp-content\/uploads\/2025\/07\/Screenshot-2025-07-01-at-23.37.01-2.png\" class=\"elementor-animation-grow attachment-full size-full wp-image-14362\" alt=\"\" srcset=\"https:\/\/market-glocal.com\/wp-content\/uploads\/2025\/07\/Screenshot-2025-07-01-at-23.37.01-2.png 2274w, https:\/\/market-glocal.com\/wp-content\/uploads\/2025\/07\/Screenshot-2025-07-01-at-23.37.01-2-300x198.png 300w, https:\/\/market-glocal.com\/wp-content\/uploads\/2025\/07\/Screenshot-2025-07-01-at-23.37.01-2-1024x676.png 1024w, https:\/\/market-glocal.com\/wp-content\/uploads\/2025\/07\/Screenshot-2025-07-01-at-23.37.01-2-768x507.png 768w, https:\/\/market-glocal.com\/wp-content\/uploads\/2025\/07\/Screenshot-2025-07-01-at-23.37.01-2-1536x1015.png 1536w, https:\/\/market-glocal.com\/wp-content\/uploads\/2025\/07\/Screenshot-2025-07-01-at-23.37.01-2-2048x1353.png 2048w, https:\/\/market-glocal.com\/wp-content\/uploads\/2025\/07\/Screenshot-2025-07-01-at-23.37.01-2-18x12.png 18w\" sizes=\"(max-width: 2274px) 100vw, 2274px\" \/>\t\t\t\t\t\t\t\t\t\t\t\t\t\t\t<\/div>\n\t\t\t\t<\/div>\n\t\t\t\t<div class=\"elementor-element elementor-element-dbdd500 elementor-widget elementor-widget-icon-box\" data-id=\"dbdd500\" data-element_type=\"widget\" data-e-type=\"widget\" data-widget_type=\"icon-box.default\">\n\t\t\t\t<div class=\"elementor-widget-container\">\n\t\t\t\t\t\t\t<div class=\"elementor-icon-box-wrapper\">\n\n\t\t\t\n\t\t\t\t\t\t<div class=\"elementor-icon-box-content\">\n\n\t\t\t\t\n\t\t\t\t\t\t\t\t\t<p class=\"elementor-icon-box-description\">\n\t\t\t\t\t\t<div style=\"align-items: flex-start;gap: 20px;color: white;max-width: 700px\">\n  <div style=\"max-width: 350px\">\n    <p style=\"margin: 0;font-weight: 700;color: #26D09D;font-size: 16px;line-height: 1.3\">\n      Warum KI-Leistungen unverzichtbar sind\n    <\/p>\n    <p style=\"margin-top: 8px;font-weight: 400;font-size: 15px;line-height: 1.6\">\n      <strong>K\u00fcnstliche Intelligenz ver\u00e4ndert das Marketing fundamental<\/strong> \u2013 Unternehmen, die jetzt nicht aktiv auf KI setzen, riskieren, im Wettbewerb zur\u00fcckzufallen.<br><br>\n      KI-Workshops und Schulungen sind der Schl\u00fcssel, um Ihr Team fit zu machen f\u00fcr datengetriebene Entscheidungen, automatisierte Prozesse und kreative Kampagnen. Dabei lernen Sie den professionellen Umgang mit modernen Tools wie <strong>ChatGPT<\/strong>, <strong>Midjourney<\/strong>, <strong>Jasper<\/strong>, <strong>Renderforest<\/strong> und weiteren KI-Plattformen.<br><br>\n      Diese Tools erm\u00f6glichen es, Effizienz zu steigern, personalisierte Kundenansprache zu perfektionieren, beeindruckende visuelle Inhalte zu erstellen und neue Potenziale im Marketing zu erschlie\u00dfen.<br><br>\n      <strong>Verpassen Sie nicht die Chance<\/strong>, Ihre Marketingabteilung mit dem neuesten Know-how auszustatten und sich damit einen klaren Vorsprung am Markt zu sichern.\n    <\/p>\n  <\/div>\n<\/div>\n\t\t\t\t\t<\/p>\n\t\t\t\t\n\t\t\t<\/div>\n\t\t\t\n\t\t<\/div>\n\t\t\t\t\t\t<\/div>\n\t\t\t\t<\/div>\n\t\t\t\t<div class=\"elementor-element elementor-element-e6fdb54 elementor-align-right elementor-widget__width-auto elementor-mobile-align-justify elementor-widget-mobile__width-inherit elementor-invisible elementor-widget elementor-widget-button\" data-id=\"e6fdb54\" data-element_type=\"widget\" data-e-type=\"widget\" data-settings=\"{&quot;_animation&quot;:&quot;fadeInUp&quot;}\" data-widget_type=\"button.default\">\n\t\t\t\t<div class=\"elementor-widget-container\">\n\t\t\t\t\t\t\t\t\t<div class=\"elementor-button-wrapper\">\n\t\t\t\t\t<a class=\"elementor-button elementor-button-link elementor-size-lg\" href=\"https:\/\/market-glocal.com\/erstgespraech\/\">\n\t\t\t\t\t\t<span class=\"elementor-button-content-wrapper\">\n\t\t\t\t\t\t<span class=\"elementor-button-icon\">\n\t\t\t\t<svg aria-hidden=\"true\" class=\"e-font-icon-svg e-fas-tasks\" viewBox=\"0 0 512 512\" xmlns=\"http:\/\/www.w3.org\/2000\/svg\"><path d=\"M139.61 35.5a12 12 0 0 0-17 0L58.93 98.81l-22.7-22.12a12 12 0 0 0-17 0L3.53 92.41a12 12 0 0 0 0 17l47.59 47.4a12.78 12.78 0 0 0 17.61 0l15.59-15.62L156.52 69a12.09 12.09 0 0 0 .09-17zm0 159.19a12 12 0 0 0-17 0l-63.68 63.72-22.7-22.1a12 12 0 0 0-17 0L3.53 252a12 12 0 0 0 0 17L51 316.5a12.77 12.77 0 0 0 17.6 0l15.7-15.69 72.2-72.22a12 12 0 0 0 .09-16.9zM64 368c-26.49 0-48.59 21.5-48.59 48S37.53 464 64 464a48 48 0 0 0 0-96zm432 16H208a16 16 0 0 0-16 16v32a16 16 0 0 0 16 16h288a16 16 0 0 0 16-16v-32a16 16 0 0 0-16-16zm0-320H208a16 16 0 0 0-16 16v32a16 16 0 0 0 16 16h288a16 16 0 0 0 16-16V80a16 16 0 0 0-16-16zm0 160H208a16 16 0 0 0-16 16v32a16 16 0 0 0 16 16h288a16 16 0 0 0 16-16v-32a16 16 0 0 0-16-16z\"><\/path><\/svg>\t\t\t<\/span>\n\t\t\t\t\t\t\t\t\t<span class=\"elementor-button-text\">Beratung vereinbaren<\/span>\n\t\t\t\t\t<\/span>\n\t\t\t\t\t<\/a>\n\t\t\t\t<\/div>\n\t\t\t\t\t\t\t\t<\/div>\n\t\t\t\t<\/div>\n\t\t\t\t\t<\/div>\n\t\t<\/div>\n\t\t\t\t\t<\/div>\n\t\t<\/section>\n\t\t\t\t<\/div>\n\t\t","protected":false},"excerpt":{"rendered":"<p>KI &#8211; Kurs Was wir Ihnen Bieten KI-Kurs f\u00fcr zukunftsorientiertes Marketing Erleben Sie praxisnahe KI-Kurse, die speziell f\u00fcr Marketing-Teams entwickelt wurden. In unseren Sessions zeigen wir, wie K\u00fcnstliche Intelligenz kreative Prozesse, Kampagnenplanung und Kundenansprache nachhaltig transformiert. Ob generative KI f\u00fcr die Content-Erstellung, automatisierte Datenanalyse oder intelligente Zielgruppensegmentierung \u2013 unsere Workshops sind strategisch fundiert, anwendungsorientiert und [&hellip;]<\/p>\n","protected":false},"author":7218,"featured_media":0,"parent":10909,"menu_order":0,"comment_status":"closed","ping_status":"closed","template":"elementor_header_footer","meta":{"footnotes":""},"class_list":["post-14313","page","type-page","status-publish","hentry"],"yoast_head":"<!-- This site is optimized with the Yoast SEO plugin v27.4 - https:\/\/yoast.com\/product\/yoast-seo-wordpress\/ -->\n<title>KI - Kurs - Market Glocal<\/title>\n<meta name=\"robots\" content=\"index, follow, max-snippet:-1, max-image-preview:large, max-video-preview:-1\" \/>\n<link rel=\"canonical\" href=\"https:\/\/market-glocal.com\/en\/leistungen\/ki-kurs\/\" \/>\n<meta property=\"og:locale\" content=\"en_GB\" \/>\n<meta property=\"og:type\" content=\"article\" \/>\n<meta property=\"og:title\" content=\"KI - Kurs - Market Glocal\" \/>\n<meta property=\"og:description\" content=\"KI &#8211; Kurs Was wir Ihnen Bieten KI-Kurs f\u00fcr zukunftsorientiertes Marketing Erleben Sie praxisnahe KI-Kurse, die speziell f\u00fcr Marketing-Teams entwickelt wurden. In unseren Sessions zeigen wir, wie K\u00fcnstliche Intelligenz kreative Prozesse, Kampagnenplanung und Kundenansprache nachhaltig transformiert. Ob generative KI f\u00fcr die Content-Erstellung, automatisierte Datenanalyse oder intelligente Zielgruppensegmentierung \u2013 unsere Workshops sind strategisch fundiert, anwendungsorientiert und [&hellip;]\" \/>\n<meta property=\"og:url\" content=\"https:\/\/market-glocal.com\/en\/leistungen\/ki-kurs\/\" \/>\n<meta property=\"og:site_name\" content=\"Market Glocal\" \/>\n<meta property=\"article:modified_time\" content=\"2026-01-26T14:40:46+00:00\" \/>\n<meta property=\"og:image\" content=\"https:\/\/market-glocal.com\/wp-content\/uploads\/2025\/07\/Screenshot-2025-07-01-at-23.37.01-2-1024x676.png\" \/>\n\t<meta property=\"og:image:width\" content=\"1024\" \/>\n\t<meta property=\"og:image:height\" content=\"676\" \/>\n\t<meta property=\"og:image:type\" content=\"image\/png\" \/>\n<meta name=\"twitter:card\" content=\"summary_large_image\" \/>\n<meta name=\"twitter:label1\" content=\"Estimated reading time\" \/>\n\t<meta name=\"twitter:data1\" content=\"1 minute\" \/>\n<script type=\"application\/ld+json\" class=\"yoast-schema-graph\">{\"@context\":\"https:\\\/\\\/schema.org\",\"@graph\":[{\"@type\":\"WebPage\",\"@id\":\"https:\\\/\\\/market-glocal.com\\\/leistungen\\\/ki-kurs\\\/\",\"url\":\"https:\\\/\\\/market-glocal.com\\\/leistungen\\\/ki-kurs\\\/\",\"name\":\"KI - Kurs - Market Glocal\",\"isPartOf\":{\"@id\":\"https:\\\/\\\/market-glocal.com\\\/#website\"},\"primaryImageOfPage\":{\"@id\":\"https:\\\/\\\/market-glocal.com\\\/leistungen\\\/ki-kurs\\\/#primaryimage\"},\"image\":{\"@id\":\"https:\\\/\\\/market-glocal.com\\\/leistungen\\\/ki-kurs\\\/#primaryimage\"},\"thumbnailUrl\":\"https:\\\/\\\/market-glocal.com\\\/wp-content\\\/uploads\\\/2025\\\/07\\\/Screenshot-2025-07-01-at-23.37.01-2.png\",\"datePublished\":\"2025-07-01T21:00:18+00:00\",\"dateModified\":\"2026-01-26T14:40:46+00:00\",\"breadcrumb\":{\"@id\":\"https:\\\/\\\/market-glocal.com\\\/leistungen\\\/ki-kurs\\\/#breadcrumb\"},\"inLanguage\":\"en-GB\",\"potentialAction\":[{\"@type\":\"ReadAction\",\"target\":[\"https:\\\/\\\/market-glocal.com\\\/leistungen\\\/ki-kurs\\\/\"]}]},{\"@type\":\"ImageObject\",\"inLanguage\":\"en-GB\",\"@id\":\"https:\\\/\\\/market-glocal.com\\\/leistungen\\\/ki-kurs\\\/#primaryimage\",\"url\":\"https:\\\/\\\/market-glocal.com\\\/wp-content\\\/uploads\\\/2025\\\/07\\\/Screenshot-2025-07-01-at-23.37.01-2.png\",\"contentUrl\":\"https:\\\/\\\/market-glocal.com\\\/wp-content\\\/uploads\\\/2025\\\/07\\\/Screenshot-2025-07-01-at-23.37.01-2.png\"},{\"@type\":\"BreadcrumbList\",\"@id\":\"https:\\\/\\\/market-glocal.com\\\/leistungen\\\/ki-kurs\\\/#breadcrumb\",\"itemListElement\":[{\"@type\":\"ListItem\",\"position\":1,\"name\":\"Home\",\"item\":\"https:\\\/\\\/market-glocal.com\\\/\"},{\"@type\":\"ListItem\",\"position\":2,\"name\":\"Leistungen\",\"item\":\"https:\\\/\\\/market-glocal.com\\\/leistungen\\\/\"},{\"@type\":\"ListItem\",\"position\":3,\"name\":\"KI &#8211; Kurs\"}]},{\"@type\":\"WebSite\",\"@id\":\"https:\\\/\\\/market-glocal.com\\\/#website\",\"url\":\"https:\\\/\\\/market-glocal.com\\\/\",\"name\":\"Market Glocal\",\"description\":\"Omnichannel Marketing\",\"publisher\":{\"@id\":\"https:\\\/\\\/market-glocal.com\\\/#organization\"},\"potentialAction\":[{\"@type\":\"SearchAction\",\"target\":{\"@type\":\"EntryPoint\",\"urlTemplate\":\"https:\\\/\\\/market-glocal.com\\\/?s={search_term_string}\"},\"query-input\":{\"@type\":\"PropertyValueSpecification\",\"valueRequired\":true,\"valueName\":\"search_term_string\"}}],\"inLanguage\":\"en-GB\"},{\"@type\":\"Organization\",\"@id\":\"https:\\\/\\\/market-glocal.com\\\/#organization\",\"name\":\"Market Glocal\",\"alternateName\":\"Ihre Experten f\u00fcr Omnichannel-Marketing\",\"url\":\"https:\\\/\\\/market-glocal.com\\\/\",\"logo\":{\"@type\":\"ImageObject\",\"inLanguage\":\"en-GB\",\"@id\":\"https:\\\/\\\/market-glocal.com\\\/#\\\/schema\\\/logo\\\/image\\\/\",\"url\":\"https:\\\/\\\/market-glocal.com\\\/wp-content\\\/uploads\\\/2023\\\/05\\\/Square.png\",\"contentUrl\":\"https:\\\/\\\/market-glocal.com\\\/wp-content\\\/uploads\\\/2023\\\/05\\\/Square.png\",\"width\":1080,\"height\":1080,\"caption\":\"Market Glocal\"},\"image\":{\"@id\":\"https:\\\/\\\/market-glocal.com\\\/#\\\/schema\\\/logo\\\/image\\\/\"},\"sameAs\":[\"https:\\\/\\\/www.linkedin.com\\\/company\\\/18220131\\\/admin\\\/feed\\\/posts\\\/\"]}]}<\/script>\n<!-- \/ Yoast SEO plugin. -->","yoast_head_json":{"title":"KI - Kurs - Market Glocal","robots":{"index":"index","follow":"follow","max-snippet":"max-snippet:-1","max-image-preview":"max-image-preview:large","max-video-preview":"max-video-preview:-1"},"canonical":"https:\/\/market-glocal.com\/en\/leistungen\/ki-kurs\/","og_locale":"en_GB","og_type":"article","og_title":"KI - Kurs - Market Glocal","og_description":"KI &#8211; Kurs Was wir Ihnen Bieten KI-Kurs f\u00fcr zukunftsorientiertes Marketing Erleben Sie praxisnahe KI-Kurse, die speziell f\u00fcr Marketing-Teams entwickelt wurden. In unseren Sessions zeigen wir, wie K\u00fcnstliche Intelligenz kreative Prozesse, Kampagnenplanung und Kundenansprache nachhaltig transformiert. Ob generative KI f\u00fcr die Content-Erstellung, automatisierte Datenanalyse oder intelligente Zielgruppensegmentierung \u2013 unsere Workshops sind strategisch fundiert, anwendungsorientiert und [&hellip;]","og_url":"https:\/\/market-glocal.com\/en\/leistungen\/ki-kurs\/","og_site_name":"Market Glocal","article_modified_time":"2026-01-26T14:40:46+00:00","og_image":[{"width":1024,"height":676,"url":"https:\/\/market-glocal.com\/wp-content\/uploads\/2025\/07\/Screenshot-2025-07-01-at-23.37.01-2-1024x676.png","type":"image\/png"}],"twitter_card":"summary_large_image","twitter_misc":{"Estimated reading time":"1 minute"},"schema":{"@context":"https:\/\/schema.org","@graph":[{"@type":"WebPage","@id":"https:\/\/market-glocal.com\/leistungen\/ki-kurs\/","url":"https:\/\/market-glocal.com\/leistungen\/ki-kurs\/","name":"KI - Kurs - Market Glocal","isPartOf":{"@id":"https:\/\/market-glocal.com\/#website"},"primaryImageOfPage":{"@id":"https:\/\/market-glocal.com\/leistungen\/ki-kurs\/#primaryimage"},"image":{"@id":"https:\/\/market-glocal.com\/leistungen\/ki-kurs\/#primaryimage"},"thumbnailUrl":"https:\/\/market-glocal.com\/wp-content\/uploads\/2025\/07\/Screenshot-2025-07-01-at-23.37.01-2.png","datePublished":"2025-07-01T21:00:18+00:00","dateModified":"2026-01-26T14:40:46+00:00","breadcrumb":{"@id":"https:\/\/market-glocal.com\/leistungen\/ki-kurs\/#breadcrumb"},"inLanguage":"en-GB","potentialAction":[{"@type":"ReadAction","target":["https:\/\/market-glocal.com\/leistungen\/ki-kurs\/"]}]},{"@type":"ImageObject","inLanguage":"en-GB","@id":"https:\/\/market-glocal.com\/leistungen\/ki-kurs\/#primaryimage","url":"https:\/\/market-glocal.com\/wp-content\/uploads\/2025\/07\/Screenshot-2025-07-01-at-23.37.01-2.png","contentUrl":"https:\/\/market-glocal.com\/wp-content\/uploads\/2025\/07\/Screenshot-2025-07-01-at-23.37.01-2.png"},{"@type":"BreadcrumbList","@id":"https:\/\/market-glocal.com\/leistungen\/ki-kurs\/#breadcrumb","itemListElement":[{"@type":"ListItem","position":1,"name":"Home","item":"https:\/\/market-glocal.com\/"},{"@type":"ListItem","position":2,"name":"Leistungen","item":"https:\/\/market-glocal.com\/leistungen\/"},{"@type":"ListItem","position":3,"name":"KI &#8211; Kurs"}]},{"@type":"WebSite","@id":"https:\/\/market-glocal.com\/#website","url":"https:\/\/market-glocal.com\/","name":"Market Glocal","description":"Business Success","publisher":{"@id":"https:\/\/market-glocal.com\/#organization"},"potentialAction":[{"@type":"SearchAction","target":{"@type":"EntryPoint","urlTemplate":"https:\/\/market-glocal.com\/?s={search_term_string}"},"query-input":{"@type":"PropertyValueSpecification","valueRequired":true,"valueName":"search_term_string"}}],"inLanguage":"en-GB"},{"@type":"Organization","@id":"https:\/\/market-glocal.com\/#organization","name":"Market Glocal","alternateName":"Ihre Experten f\u00fcr Omnichannel-Marketing","url":"https:\/\/market-glocal.com\/","logo":{"@type":"ImageObject","inLanguage":"en-GB","@id":"https:\/\/market-glocal.com\/#\/schema\/logo\/image\/","url":"https:\/\/market-glocal.com\/wp-content\/uploads\/2023\/05\/Square.png","contentUrl":"https:\/\/market-glocal.com\/wp-content\/uploads\/2023\/05\/Square.png","width":1080,"height":1080,"caption":"Market Glocal"},"image":{"@id":"https:\/\/market-glocal.com\/#\/schema\/logo\/image\/"},"sameAs":["https:\/\/www.linkedin.com\/company\/18220131\/admin\/feed\/posts\/"]}]}},"_links":{"self":[{"href":"https:\/\/market-glocal.com\/en\/wp-json\/wp\/v2\/pages\/14313","targetHints":{"allow":["GET"]}}],"collection":[{"href":"https:\/\/market-glocal.com\/en\/wp-json\/wp\/v2\/pages"}],"about":[{"href":"https:\/\/market-glocal.com\/en\/wp-json\/wp\/v2\/types\/page"}],"author":[{"embeddable":true,"href":"https:\/\/market-glocal.com\/en\/wp-json\/wp\/v2\/users\/7218"}],"replies":[{"embeddable":true,"href":"https:\/\/market-glocal.com\/en\/wp-json\/wp\/v2\/comments?post=14313"}],"version-history":[{"count":25,"href":"https:\/\/market-glocal.com\/en\/wp-json\/wp\/v2\/pages\/14313\/revisions"}],"predecessor-version":[{"id":14761,"href":"https:\/\/market-glocal.com\/en\/wp-json\/wp\/v2\/pages\/14313\/revisions\/14761"}],"up":[{"embeddable":true,"href":"https:\/\/market-glocal.com\/en\/wp-json\/wp\/v2\/pages\/10909"}],"wp:attachment":[{"href":"https:\/\/market-glocal.com\/en\/wp-json\/wp\/v2\/media?parent=14313"}],"curies":[{"name":"wp","href":"https:\/\/api.w.org\/{rel}","templated":true}]}}