{"id":14380,"date":"2025-07-01T22:04:47","date_gmt":"2025-07-01T22:04:47","guid":{"rendered":"https:\/\/market-glocal.com\/?page_id=14380"},"modified":"2025-07-02T10:57:34","modified_gmt":"2025-07-02T10:57:34","slug":"marketing-coaching-strategieberatung","status":"publish","type":"page","link":"https:\/\/market-glocal.com\/en\/leistungen\/marketing-coaching-strategieberatung\/","title":{"rendered":"Marketing Coaching &#038; Strategieberatung"},"content":{"rendered":"\t\t<div data-elementor-type=\"wp-page\" data-elementor-id=\"14380\" class=\"elementor elementor-14380\" data-elementor-post-type=\"page\">\n\t\t\t\t\t\t<section class=\"elementor-section elementor-top-section elementor-element elementor-element-2243f86f elementor-section-content-middle elementor-section-boxed elementor-section-height-default elementor-section-height-default\" data-id=\"2243f86f\" data-element_type=\"section\" data-e-type=\"section\" data-settings=\"{&quot;background_background&quot;:&quot;classic&quot;}\">\n\t\t\t\t\t\t\t<div class=\"elementor-background-overlay\"><\/div>\n\t\t\t\t\t\t\t<div class=\"elementor-container elementor-column-gap-no\">\n\t\t\t\t\t<div class=\"elementor-column elementor-col-100 elementor-top-column elementor-element elementor-element-3550d595\" data-id=\"3550d595\" data-element_type=\"column\" data-e-type=\"column\">\n\t\t\t<div class=\"elementor-widget-wrap elementor-element-populated\">\n\t\t\t\t\t\t<div class=\"elementor-element elementor-element-8fde30d elementor-widget elementor-widget-heading\" data-id=\"8fde30d\" data-element_type=\"widget\" data-e-type=\"widget\" data-widget_type=\"heading.default\">\n\t\t\t\t<div class=\"elementor-widget-container\">\n\t\t\t\t\t<h1 class=\"elementor-heading-title elementor-size-default\">Marketing Coaching <br>&amp; <br>Strategieberatung<\/h1>\t\t\t\t<\/div>\n\t\t\t\t<\/div>\n\t\t\t\t\t<\/div>\n\t\t<\/div>\n\t\t\t\t\t<\/div>\n\t\t<\/section>\n\t\t\t\t<section class=\"elementor-section elementor-top-section elementor-element elementor-element-3f9cb4c elementor-section-content-middle elementor-section-boxed elementor-section-height-default elementor-section-height-default\" data-id=\"3f9cb4c\" data-element_type=\"section\" data-e-type=\"section\">\n\t\t\t\t\t\t\t<div class=\"elementor-background-overlay\"><\/div>\n\t\t\t\t\t\t\t<div class=\"elementor-container elementor-column-gap-no\">\n\t\t\t\t\t<div class=\"elementor-column elementor-col-50 elementor-top-column elementor-element elementor-element-008b894\" data-id=\"008b894\" data-element_type=\"column\" data-e-type=\"column\">\n\t\t\t<div class=\"elementor-widget-wrap elementor-element-populated\">\n\t\t\t\t\t\t<div class=\"elementor-element elementor-element-359a681 elementor-icon-list--layout-inline elementor-align-start elementor-list-item-link-full_width elementor-widget elementor-widget-icon-list\" data-id=\"359a681\" data-element_type=\"widget\" data-e-type=\"widget\" data-widget_type=\"icon-list.default\">\n\t\t\t\t<div class=\"elementor-widget-container\">\n\t\t\t\t\t\t\t<ul class=\"elementor-icon-list-items elementor-inline-items\">\n\t\t\t\t\t\t\t<li class=\"elementor-icon-list-item elementor-inline-item\">\n\t\t\t\t\t\t\t\t\t\t\t<span class=\"elementor-icon-list-icon\">\n\t\t\t\t\t\t\t<svg aria-hidden=\"true\" class=\"e-font-icon-svg e-fas-circle-notch\" viewBox=\"0 0 512 512\" xmlns=\"http:\/\/www.w3.org\/2000\/svg\"><path d=\"M288 39.056v16.659c0 10.804 7.281 20.159 17.686 23.066C383.204 100.434 440 171.518 440 256c0 101.689-82.295 184-184 184-101.689 0-184-82.295-184-184 0-84.47 56.786-155.564 134.312-177.219C216.719 75.874 224 66.517 224 55.712V39.064c0-15.709-14.834-27.153-30.046-23.234C86.603 43.482 7.394 141.206 8.003 257.332c.72 137.052 111.477 246.956 248.531 246.667C393.255 503.711 504 392.788 504 256c0-115.633-79.14-212.779-186.211-240.236C302.678 11.889 288 23.456 288 39.056z\"><\/path><\/svg>\t\t\t\t\t\t<\/span>\n\t\t\t\t\t\t\t\t\t\t<span class=\"elementor-icon-list-text\">Was wir Ihnen Bieten<\/span>\n\t\t\t\t\t\t\t\t\t<\/li>\n\t\t\t\t\t\t<\/ul>\n\t\t\t\t\t\t<\/div>\n\t\t\t\t<\/div>\n\t\t\t\t<div class=\"elementor-element elementor-element-4689b8e elementor-widget elementor-widget-icon-box\" data-id=\"4689b8e\" data-element_type=\"widget\" data-e-type=\"widget\" data-widget_type=\"icon-box.default\">\n\t\t\t\t<div class=\"elementor-widget-container\">\n\t\t\t\t\t\t\t<div class=\"elementor-icon-box-wrapper\">\n\n\t\t\t\n\t\t\t\t\t\t<div class=\"elementor-icon-box-content\">\n\n\t\t\t\t\t\t\t\t\t<div class=\"elementor-icon-box-title\">\n\t\t\t\t\t\t<span  >\n\t\t\t\t\t\t\tIhr pers\u00f6nlicher Fahrplan zum Erfolg\t\t\t\t\t\t<\/span>\n\t\t\t\t\t<\/div>\n\t\t\t\t\n\t\t\t\t\t\t\t\t\t<p class=\"elementor-icon-box-description\">\n\t\t\t\t\t\tWir kombinieren gezieltes Marketing Coaching mit fundierter Strategieberatung, um Sie und Ihr Team individuell zu st\u00e4rken. Gemeinsam entwickeln wir eine ma\u00dfgeschneiderte Strategie, die genau auf Ihre Ziele und Ressourcen abgestimmt ist \u2013 praxisnah, nachhaltig und messbar.\t\t\t\t\t<\/p>\n\t\t\t\t\n\t\t\t<\/div>\n\t\t\t\n\t\t<\/div>\n\t\t\t\t\t\t<\/div>\n\t\t\t\t<\/div>\n\t\t\t\t<div class=\"elementor-element elementor-element-91390dc elementor-view-stacked elementor-position-inline-start elementor-shape-circle elementor-mobile-position-block-start elementor-invisible elementor-widget elementor-widget-icon-box\" data-id=\"91390dc\" data-element_type=\"widget\" data-e-type=\"widget\" data-settings=\"{&quot;_animation&quot;:&quot;fadeInUp&quot;}\" data-widget_type=\"icon-box.default\">\n\t\t\t\t<div class=\"elementor-widget-container\">\n\t\t\t\t\t\t\t<div class=\"elementor-icon-box-wrapper\">\n\n\t\t\t\t\t\t<div class=\"elementor-icon-box-icon\">\n\t\t\t\t<span  class=\"elementor-icon\">\n\t\t\t\t<svg aria-hidden=\"true\" class=\"e-font-icon-svg e-fas-marker\" viewBox=\"0 0 512 512\" xmlns=\"http:\/\/www.w3.org\/2000\/svg\"><path d=\"M93.95 290.03A327.038 327.038 0 0 0 .17 485.11l-.03.23c-1.7 15.28 11.21 28.2 26.49 26.51a327.02 327.02 0 0 0 195.34-93.8l75.4-75.4-128.02-128.02-75.4 75.4zM485.49 26.51c-35.35-35.35-92.67-35.35-128.02 0l-21.76 21.76-36.56-36.55c-15.62-15.62-40.95-15.62-56.56 0L138.47 115.84c-6.25 6.25-6.25 16.38 0 22.63l22.62 22.62c6.25 6.25 16.38 6.25 22.63 0l87.15-87.15 19.59 19.59L191.98 192 320 320.02l165.49-165.49c35.35-35.35 35.35-92.66 0-128.02z\"><\/path><\/svg>\t\t\t\t<\/span>\n\t\t\t<\/div>\n\t\t\t\n\t\t\t\t\t\t<div class=\"elementor-icon-box-content\">\n\n\t\t\t\t\n\t\t\t\t\t\t\t\t\t<p class=\"elementor-icon-box-description\">\n\t\t\t\t\t\tPers\u00f6nliche Beratungsgespr\u00e4che zur umfassenden Analyse Ihrer aktuellen Marketing-Situation\nPraxisorientiertes Coaching f\u00fcr F\u00fchrungskr\u00e4fte und Marketingteams \n<br>\n<br>\n- gezielte Kompetenzentwicklung\n<br>\n<br>\n- Gemeinsame Entwicklung klarer, umsetzbarer Strategien mit definierten KPIs\n<br>\n<br>\n- Begleitung bei der Implementierung sowie regelm\u00e4\u00dfige Erfolgskontrollen und Anpassungen\n<br>\n<br>\n- Bereitstellung effektiver Tools und Methoden f\u00fcr eigenst\u00e4ndige Weiterentwicklung und Wachstum\n<br>\n<br>\nUnsere Coaching- und Beratungsleistungen sind flexibel gestaltbar und passen sich exakt Ihren individuellen Anforderungen an \u2013 egal, ob Sie ein kleines Team, ein wachsendes Unternehmen oder eine etablierte Marke sind.\n<br>\n<br>\nWir setzen auf eine enge Zusammenarbeit, um gemeinsam Herausforderungen zu identifizieren, Potenziale zu heben und Strategien nachhaltig umzusetzen.\n<br>\n<br>\nProfitieren Sie von unserer langj\u00e4hrigen Erfahrung und unserem umfassenden Know-how im digitalen Marketing, um Ihr Unternehmen fit f\u00fcr die Zukunft zu machen und sich am Markt erfolgreich zu positionieren.\t\t\t\t\t<\/p>\n\t\t\t\t\n\t\t\t<\/div>\n\t\t\t\n\t\t<\/div>\n\t\t\t\t\t\t<\/div>\n\t\t\t\t<\/div>\n\t\t\t\t\t<\/div>\n\t\t<\/div>\n\t\t\t\t<div class=\"elementor-column elementor-col-50 elementor-top-column elementor-element elementor-element-e4fcdc6\" data-id=\"e4fcdc6\" data-element_type=\"column\" data-e-type=\"column\">\n\t\t\t<div class=\"elementor-widget-wrap elementor-element-populated\">\n\t\t\t\t\t\t<div class=\"elementor-element elementor-element-2ad98c8 e-transform e-transform elementor-widget elementor-widget-image\" data-id=\"2ad98c8\" data-element_type=\"widget\" data-e-type=\"widget\" data-settings=\"{&quot;motion_fx_motion_fx_scrolling&quot;:&quot;yes&quot;,&quot;motion_fx_range&quot;:&quot;viewport&quot;,&quot;_transform_rotateZ_effect&quot;:{&quot;unit&quot;:&quot;px&quot;,&quot;size&quot;:-6,&quot;sizes&quot;:[]},&quot;motion_fx_rotateZ_effect&quot;:&quot;yes&quot;,&quot;motion_fx_rotateZ_direction&quot;:&quot;negative&quot;,&quot;motion_fx_rotateZ_speed&quot;:{&quot;unit&quot;:&quot;px&quot;,&quot;size&quot;:0.3,&quot;sizes&quot;:[]},&quot;_transform_scale_effect&quot;:{&quot;unit&quot;:&quot;px&quot;,&quot;size&quot;:1.15,&quot;sizes&quot;:[]},&quot;motion_fx_rotateZ_affectedRange&quot;:{&quot;unit&quot;:&quot;%&quot;,&quot;size&quot;:&quot;&quot;,&quot;sizes&quot;:{&quot;start&quot;:0,&quot;end&quot;:100}},&quot;motion_fx_devices&quot;:[&quot;desktop&quot;,&quot;tablet&quot;,&quot;mobile&quot;],&quot;_transform_rotateZ_effect_tablet&quot;:{&quot;unit&quot;:&quot;deg&quot;,&quot;size&quot;:&quot;&quot;,&quot;sizes&quot;:[]},&quot;_transform_rotateZ_effect_mobile&quot;:{&quot;unit&quot;:&quot;deg&quot;,&quot;size&quot;:&quot;&quot;,&quot;sizes&quot;:[]},&quot;_transform_scale_effect_tablet&quot;:{&quot;unit&quot;:&quot;px&quot;,&quot;size&quot;:&quot;&quot;,&quot;sizes&quot;:[]},&quot;_transform_scale_effect_mobile&quot;:{&quot;unit&quot;:&quot;px&quot;,&quot;size&quot;:&quot;&quot;,&quot;sizes&quot;:[]}}\" data-widget_type=\"image.default\">\n\t\t\t\t<div class=\"elementor-widget-container\">\n\t\t\t\t\t\t\t\t\t\t\t\t\t\t\t<img fetchpriority=\"high\" decoding=\"async\" width=\"2000\" height=\"1335\" src=\"https:\/\/market-glocal.com\/wp-content\/uploads\/2024\/07\/shot-of-two-call-centre-agents-working-together-in-an-office-at-night.jpg\" class=\"elementor-animation-grow attachment-full size-full wp-image-10559\" alt=\"\" srcset=\"https:\/\/market-glocal.com\/wp-content\/uploads\/2024\/07\/shot-of-two-call-centre-agents-working-together-in-an-office-at-night.jpg 2000w, https:\/\/market-glocal.com\/wp-content\/uploads\/2024\/07\/shot-of-two-call-centre-agents-working-together-in-an-office-at-night-300x200.jpg 300w, https:\/\/market-glocal.com\/wp-content\/uploads\/2024\/07\/shot-of-two-call-centre-agents-working-together-in-an-office-at-night-1024x684.jpg 1024w, https:\/\/market-glocal.com\/wp-content\/uploads\/2024\/07\/shot-of-two-call-centre-agents-working-together-in-an-office-at-night-768x513.jpg 768w, https:\/\/market-glocal.com\/wp-content\/uploads\/2024\/07\/shot-of-two-call-centre-agents-working-together-in-an-office-at-night-1536x1025.jpg 1536w\" sizes=\"(max-width: 2000px) 100vw, 2000px\" \/>\t\t\t\t\t\t\t\t\t\t\t\t\t\t\t<\/div>\n\t\t\t\t<\/div>\n\t\t\t\t<div class=\"elementor-element elementor-element-7791c9b elementor-widget elementor-widget-icon-box\" data-id=\"7791c9b\" data-element_type=\"widget\" data-e-type=\"widget\" data-widget_type=\"icon-box.default\">\n\t\t\t\t<div class=\"elementor-widget-container\">\n\t\t\t\t\t\t\t<div class=\"elementor-icon-box-wrapper\">\n\n\t\t\t\n\t\t\t\t\t\t<div class=\"elementor-icon-box-content\">\n\n\t\t\t\t\t\t\t\t\t<div class=\"elementor-icon-box-title\">\n\t\t\t\t\t\t<span  >\n\t\t\t\t\t\t\tWarum Marketing Coaching &amp; Strategieberatung\t\t\t\t\t\t<\/span>\n\t\t\t\t\t<\/div>\n\t\t\t\t\n\t\t\t\t\t\t\t\t\t<p class=\"elementor-icon-box-description\">\n\t\t\t\t\t\tWir kombinieren gezieltes Coaching mit fundierter Beratung, um Sie und Ihr Team individuell zu st\u00e4rken und nachhaltige Marketingstrategien zu entwickeln.\n<br>\n<br>\nSie erhalten pers\u00f6nliche Beratungsgespr\u00e4che, praxisorientiertes Coaching f\u00fcr F\u00fchrungskr\u00e4fte und Teams sowie Begleitung bei der Umsetzung messbarer Strategien.\n<br>\n<br>\nNutzen Sie unsere ma\u00dfgeschneiderten L\u00f6sungen, um Kompetenzen zu f\u00f6rdern, Prozesse zu optimieren und Ihre Marketingziele langfristig zu erreichen.\t\t\t\t\t<\/p>\n\t\t\t\t\n\t\t\t<\/div>\n\t\t\t\n\t\t<\/div>\n\t\t\t\t\t\t<\/div>\n\t\t\t\t<\/div>\n\t\t\t\t<div class=\"elementor-element elementor-element-7cf8124 elementor-align-right elementor-widget__width-auto elementor-mobile-align-justify elementor-widget-mobile__width-inherit elementor-invisible elementor-widget elementor-widget-button\" data-id=\"7cf8124\" data-element_type=\"widget\" data-e-type=\"widget\" data-settings=\"{&quot;_animation&quot;:&quot;fadeInUp&quot;}\" data-widget_type=\"button.default\">\n\t\t\t\t<div class=\"elementor-widget-container\">\n\t\t\t\t\t\t\t\t\t<div class=\"elementor-button-wrapper\">\n\t\t\t\t\t<a class=\"elementor-button elementor-button-link elementor-size-lg\" href=\"https:\/\/market-glocal.com\/erstgespraech\/\">\n\t\t\t\t\t\t<span class=\"elementor-button-content-wrapper\">\n\t\t\t\t\t\t<span class=\"elementor-button-icon\">\n\t\t\t\t<svg aria-hidden=\"true\" class=\"e-font-icon-svg e-fas-tasks\" viewBox=\"0 0 512 512\" xmlns=\"http:\/\/www.w3.org\/2000\/svg\"><path d=\"M139.61 35.5a12 12 0 0 0-17 0L58.93 98.81l-22.7-22.12a12 12 0 0 0-17 0L3.53 92.41a12 12 0 0 0 0 17l47.59 47.4a12.78 12.78 0 0 0 17.61 0l15.59-15.62L156.52 69a12.09 12.09 0 0 0 .09-17zm0 159.19a12 12 0 0 0-17 0l-63.68 63.72-22.7-22.1a12 12 0 0 0-17 0L3.53 252a12 12 0 0 0 0 17L51 316.5a12.77 12.77 0 0 0 17.6 0l15.7-15.69 72.2-72.22a12 12 0 0 0 .09-16.9zM64 368c-26.49 0-48.59 21.5-48.59 48S37.53 464 64 464a48 48 0 0 0 0-96zm432 16H208a16 16 0 0 0-16 16v32a16 16 0 0 0 16 16h288a16 16 0 0 0 16-16v-32a16 16 0 0 0-16-16zm0-320H208a16 16 0 0 0-16 16v32a16 16 0 0 0 16 16h288a16 16 0 0 0 16-16V80a16 16 0 0 0-16-16zm0 160H208a16 16 0 0 0-16 16v32a16 16 0 0 0 16 16h288a16 16 0 0 0 16-16v-32a16 16 0 0 0-16-16z\"><\/path><\/svg>\t\t\t<\/span>\n\t\t\t\t\t\t\t\t\t<span class=\"elementor-button-text\">Beratung vereinbaren<\/span>\n\t\t\t\t\t<\/span>\n\t\t\t\t\t<\/a>\n\t\t\t\t<\/div>\n\t\t\t\t\t\t\t\t<\/div>\n\t\t\t\t<\/div>\n\t\t\t\t\t<\/div>\n\t\t<\/div>\n\t\t\t\t\t<\/div>\n\t\t<\/section>\n\t\t\t\t<\/div>\n\t\t","protected":false},"excerpt":{"rendered":"<p>Marketing Coaching &amp; Strategieberatung Was wir Ihnen Bieten Ihr pers\u00f6nlicher Fahrplan zum Erfolg Wir kombinieren gezieltes Marketing Coaching mit fundierter Strategieberatung, um Sie und Ihr Team individuell zu st\u00e4rken. Gemeinsam entwickeln wir eine ma\u00dfgeschneiderte Strategie, die genau auf Ihre Ziele und Ressourcen abgestimmt ist \u2013 praxisnah, nachhaltig und messbar. Pers\u00f6nliche Beratungsgespr\u00e4che zur umfassenden Analyse Ihrer [&hellip;]<\/p>\n","protected":false},"author":7218,"featured_media":0,"parent":10909,"menu_order":0,"comment_status":"closed","ping_status":"closed","template":"elementor_header_footer","meta":{"footnotes":""},"class_list":["post-14380","page","type-page","status-publish","hentry"],"yoast_head":"<!-- This site is optimized with the Yoast SEO plugin v27.5 - https:\/\/yoast.com\/product\/yoast-seo-wordpress\/ -->\n<title>Marketing Coaching &amp; Strategieberatung - Market Glocal<\/title>\n<meta name=\"robots\" content=\"index, follow, max-snippet:-1, max-image-preview:large, max-video-preview:-1\" \/>\n<link rel=\"canonical\" href=\"https:\/\/market-glocal.com\/en\/leistungen\/marketing-coaching-strategieberatung\/\" \/>\n<meta property=\"og:locale\" content=\"en_GB\" \/>\n<meta property=\"og:type\" content=\"article\" \/>\n<meta property=\"og:title\" content=\"Marketing Coaching &amp; Strategieberatung - Market Glocal\" \/>\n<meta property=\"og:description\" content=\"Marketing Coaching &amp; Strategieberatung Was wir Ihnen Bieten Ihr pers\u00f6nlicher Fahrplan zum Erfolg Wir kombinieren gezieltes Marketing Coaching mit fundierter Strategieberatung, um Sie und Ihr Team individuell zu st\u00e4rken. Gemeinsam entwickeln wir eine ma\u00dfgeschneiderte Strategie, die genau auf Ihre Ziele und Ressourcen abgestimmt ist \u2013 praxisnah, nachhaltig und messbar. Pers\u00f6nliche Beratungsgespr\u00e4che zur umfassenden Analyse Ihrer [&hellip;]\" \/>\n<meta property=\"og:url\" content=\"https:\/\/market-glocal.com\/en\/leistungen\/marketing-coaching-strategieberatung\/\" \/>\n<meta property=\"og:site_name\" content=\"Market Glocal\" \/>\n<meta property=\"article:modified_time\" content=\"2025-07-02T10:57:34+00:00\" \/>\n<meta property=\"og:image\" content=\"https:\/\/market-glocal.com\/wp-content\/uploads\/2024\/07\/shot-of-two-call-centre-agents-working-together-in-an-office-at-night.jpg\" \/>\n<meta name=\"twitter:card\" content=\"summary_large_image\" \/>\n<meta name=\"twitter:label1\" content=\"Estimated reading time\" \/>\n\t<meta name=\"twitter:data1\" content=\"1 minute\" \/>\n<script type=\"application\/ld+json\" class=\"yoast-schema-graph\">{\"@context\":\"https:\\\/\\\/schema.org\",\"@graph\":[{\"@type\":\"WebPage\",\"@id\":\"https:\\\/\\\/market-glocal.com\\\/leistungen\\\/marketing-coaching-strategieberatung\\\/\",\"url\":\"https:\\\/\\\/market-glocal.com\\\/leistungen\\\/marketing-coaching-strategieberatung\\\/\",\"name\":\"Marketing Coaching & Strategieberatung - Market Glocal\",\"isPartOf\":{\"@id\":\"https:\\\/\\\/market-glocal.com\\\/#website\"},\"primaryImageOfPage\":{\"@id\":\"https:\\\/\\\/market-glocal.com\\\/leistungen\\\/marketing-coaching-strategieberatung\\\/#primaryimage\"},\"image\":{\"@id\":\"https:\\\/\\\/market-glocal.com\\\/leistungen\\\/marketing-coaching-strategieberatung\\\/#primaryimage\"},\"thumbnailUrl\":\"https:\\\/\\\/market-glocal.com\\\/wp-content\\\/uploads\\\/2024\\\/07\\\/shot-of-two-call-centre-agents-working-together-in-an-office-at-night.jpg\",\"datePublished\":\"2025-07-01T22:04:47+00:00\",\"dateModified\":\"2025-07-02T10:57:34+00:00\",\"breadcrumb\":{\"@id\":\"https:\\\/\\\/market-glocal.com\\\/leistungen\\\/marketing-coaching-strategieberatung\\\/#breadcrumb\"},\"inLanguage\":\"en-GB\",\"potentialAction\":[{\"@type\":\"ReadAction\",\"target\":[\"https:\\\/\\\/market-glocal.com\\\/leistungen\\\/marketing-coaching-strategieberatung\\\/\"]}]},{\"@type\":\"ImageObject\",\"inLanguage\":\"en-GB\",\"@id\":\"https:\\\/\\\/market-glocal.com\\\/leistungen\\\/marketing-coaching-strategieberatung\\\/#primaryimage\",\"url\":\"https:\\\/\\\/market-glocal.com\\\/wp-content\\\/uploads\\\/2024\\\/07\\\/shot-of-two-call-centre-agents-working-together-in-an-office-at-night.jpg\",\"contentUrl\":\"https:\\\/\\\/market-glocal.com\\\/wp-content\\\/uploads\\\/2024\\\/07\\\/shot-of-two-call-centre-agents-working-together-in-an-office-at-night.jpg\"},{\"@type\":\"BreadcrumbList\",\"@id\":\"https:\\\/\\\/market-glocal.com\\\/leistungen\\\/marketing-coaching-strategieberatung\\\/#breadcrumb\",\"itemListElement\":[{\"@type\":\"ListItem\",\"position\":1,\"name\":\"Home\",\"item\":\"https:\\\/\\\/market-glocal.com\\\/\"},{\"@type\":\"ListItem\",\"position\":2,\"name\":\"Leistungen\",\"item\":\"https:\\\/\\\/market-glocal.com\\\/leistungen\\\/\"},{\"@type\":\"ListItem\",\"position\":3,\"name\":\"Marketing Coaching &#038; Strategieberatung\"}]},{\"@type\":\"WebSite\",\"@id\":\"https:\\\/\\\/market-glocal.com\\\/#website\",\"url\":\"https:\\\/\\\/market-glocal.com\\\/\",\"name\":\"Market Glocal\",\"description\":\"Omnichannel Marketing\",\"publisher\":{\"@id\":\"https:\\\/\\\/market-glocal.com\\\/#organization\"},\"potentialAction\":[{\"@type\":\"SearchAction\",\"target\":{\"@type\":\"EntryPoint\",\"urlTemplate\":\"https:\\\/\\\/market-glocal.com\\\/?s={search_term_string}\"},\"query-input\":{\"@type\":\"PropertyValueSpecification\",\"valueRequired\":true,\"valueName\":\"search_term_string\"}}],\"inLanguage\":\"en-GB\"},{\"@type\":\"Organization\",\"@id\":\"https:\\\/\\\/market-glocal.com\\\/#organization\",\"name\":\"Market Glocal\",\"alternateName\":\"Ihre Experten f\u00fcr Omnichannel-Marketing\",\"url\":\"https:\\\/\\\/market-glocal.com\\\/\",\"logo\":{\"@type\":\"ImageObject\",\"inLanguage\":\"en-GB\",\"@id\":\"https:\\\/\\\/market-glocal.com\\\/#\\\/schema\\\/logo\\\/image\\\/\",\"url\":\"https:\\\/\\\/market-glocal.com\\\/wp-content\\\/uploads\\\/2023\\\/05\\\/Square.png\",\"contentUrl\":\"https:\\\/\\\/market-glocal.com\\\/wp-content\\\/uploads\\\/2023\\\/05\\\/Square.png\",\"width\":1080,\"height\":1080,\"caption\":\"Market Glocal\"},\"image\":{\"@id\":\"https:\\\/\\\/market-glocal.com\\\/#\\\/schema\\\/logo\\\/image\\\/\"},\"sameAs\":[\"https:\\\/\\\/www.linkedin.com\\\/company\\\/18220131\\\/admin\\\/feed\\\/posts\\\/\"]}]}<\/script>\n<!-- \/ Yoast SEO plugin. -->","yoast_head_json":{"title":"Marketing Coaching & Strategieberatung - Market Glocal","robots":{"index":"index","follow":"follow","max-snippet":"max-snippet:-1","max-image-preview":"max-image-preview:large","max-video-preview":"max-video-preview:-1"},"canonical":"https:\/\/market-glocal.com\/en\/leistungen\/marketing-coaching-strategieberatung\/","og_locale":"en_GB","og_type":"article","og_title":"Marketing Coaching & Strategieberatung - Market Glocal","og_description":"Marketing Coaching &amp; Strategieberatung Was wir Ihnen Bieten Ihr pers\u00f6nlicher Fahrplan zum Erfolg Wir kombinieren gezieltes Marketing Coaching mit fundierter Strategieberatung, um Sie und Ihr Team individuell zu st\u00e4rken. Gemeinsam entwickeln wir eine ma\u00dfgeschneiderte Strategie, die genau auf Ihre Ziele und Ressourcen abgestimmt ist \u2013 praxisnah, nachhaltig und messbar. Pers\u00f6nliche Beratungsgespr\u00e4che zur umfassenden Analyse Ihrer [&hellip;]","og_url":"https:\/\/market-glocal.com\/en\/leistungen\/marketing-coaching-strategieberatung\/","og_site_name":"Market Glocal","article_modified_time":"2025-07-02T10:57:34+00:00","og_image":[{"url":"https:\/\/market-glocal.com\/wp-content\/uploads\/2024\/07\/shot-of-two-call-centre-agents-working-together-in-an-office-at-night.jpg","type":"","width":"","height":""}],"twitter_card":"summary_large_image","twitter_misc":{"Estimated reading time":"1 minute"},"schema":{"@context":"https:\/\/schema.org","@graph":[{"@type":"WebPage","@id":"https:\/\/market-glocal.com\/leistungen\/marketing-coaching-strategieberatung\/","url":"https:\/\/market-glocal.com\/leistungen\/marketing-coaching-strategieberatung\/","name":"Marketing Coaching & Strategieberatung - Market Glocal","isPartOf":{"@id":"https:\/\/market-glocal.com\/#website"},"primaryImageOfPage":{"@id":"https:\/\/market-glocal.com\/leistungen\/marketing-coaching-strategieberatung\/#primaryimage"},"image":{"@id":"https:\/\/market-glocal.com\/leistungen\/marketing-coaching-strategieberatung\/#primaryimage"},"thumbnailUrl":"https:\/\/market-glocal.com\/wp-content\/uploads\/2024\/07\/shot-of-two-call-centre-agents-working-together-in-an-office-at-night.jpg","datePublished":"2025-07-01T22:04:47+00:00","dateModified":"2025-07-02T10:57:34+00:00","breadcrumb":{"@id":"https:\/\/market-glocal.com\/leistungen\/marketing-coaching-strategieberatung\/#breadcrumb"},"inLanguage":"en-GB","potentialAction":[{"@type":"ReadAction","target":["https:\/\/market-glocal.com\/leistungen\/marketing-coaching-strategieberatung\/"]}]},{"@type":"ImageObject","inLanguage":"en-GB","@id":"https:\/\/market-glocal.com\/leistungen\/marketing-coaching-strategieberatung\/#primaryimage","url":"https:\/\/market-glocal.com\/wp-content\/uploads\/2024\/07\/shot-of-two-call-centre-agents-working-together-in-an-office-at-night.jpg","contentUrl":"https:\/\/market-glocal.com\/wp-content\/uploads\/2024\/07\/shot-of-two-call-centre-agents-working-together-in-an-office-at-night.jpg"},{"@type":"BreadcrumbList","@id":"https:\/\/market-glocal.com\/leistungen\/marketing-coaching-strategieberatung\/#breadcrumb","itemListElement":[{"@type":"ListItem","position":1,"name":"Home","item":"https:\/\/market-glocal.com\/"},{"@type":"ListItem","position":2,"name":"Leistungen","item":"https:\/\/market-glocal.com\/leistungen\/"},{"@type":"ListItem","position":3,"name":"Marketing Coaching &#038; Strategieberatung"}]},{"@type":"WebSite","@id":"https:\/\/market-glocal.com\/#website","url":"https:\/\/market-glocal.com\/","name":"Market Glocal","description":"Business Success","publisher":{"@id":"https:\/\/market-glocal.com\/#organization"},"potentialAction":[{"@type":"SearchAction","target":{"@type":"EntryPoint","urlTemplate":"https:\/\/market-glocal.com\/?s={search_term_string}"},"query-input":{"@type":"PropertyValueSpecification","valueRequired":true,"valueName":"search_term_string"}}],"inLanguage":"en-GB"},{"@type":"Organization","@id":"https:\/\/market-glocal.com\/#organization","name":"Market Glocal","alternateName":"Ihre Experten f\u00fcr Omnichannel-Marketing","url":"https:\/\/market-glocal.com\/","logo":{"@type":"ImageObject","inLanguage":"en-GB","@id":"https:\/\/market-glocal.com\/#\/schema\/logo\/image\/","url":"https:\/\/market-glocal.com\/wp-content\/uploads\/2023\/05\/Square.png","contentUrl":"https:\/\/market-glocal.com\/wp-content\/uploads\/2023\/05\/Square.png","width":1080,"height":1080,"caption":"Market Glocal"},"image":{"@id":"https:\/\/market-glocal.com\/#\/schema\/logo\/image\/"},"sameAs":["https:\/\/www.linkedin.com\/company\/18220131\/admin\/feed\/posts\/"]}]}},"_links":{"self":[{"href":"https:\/\/market-glocal.com\/en\/wp-json\/wp\/v2\/pages\/14380","targetHints":{"allow":["GET"]}}],"collection":[{"href":"https:\/\/market-glocal.com\/en\/wp-json\/wp\/v2\/pages"}],"about":[{"href":"https:\/\/market-glocal.com\/en\/wp-json\/wp\/v2\/types\/page"}],"author":[{"embeddable":true,"href":"https:\/\/market-glocal.com\/en\/wp-json\/wp\/v2\/users\/7218"}],"replies":[{"embeddable":true,"href":"https:\/\/market-glocal.com\/en\/wp-json\/wp\/v2\/comments?post=14380"}],"version-history":[{"count":25,"href":"https:\/\/market-glocal.com\/en\/wp-json\/wp\/v2\/pages\/14380\/revisions"}],"predecessor-version":[{"id":14638,"href":"https:\/\/market-glocal.com\/en\/wp-json\/wp\/v2\/pages\/14380\/revisions\/14638"}],"up":[{"embeddable":true,"href":"https:\/\/market-glocal.com\/en\/wp-json\/wp\/v2\/pages\/10909"}],"wp:attachment":[{"href":"https:\/\/market-glocal.com\/en\/wp-json\/wp\/v2\/media?parent=14380"}],"curies":[{"name":"wp","href":"https:\/\/api.w.org\/{rel}","templated":true}]}}